{"id":2,"date":"2023-04-23T17:52:27","date_gmt":"2023-04-23T15:52:27","guid":{"rendered":"http:\/\/hugovignon.com\/?page_id=2"},"modified":"2025-01-17T20:28:33","modified_gmt":"2025-01-17T19:28:33","slug":"page-d-exemple","status":"publish","type":"page","link":"https:\/\/hugovignon.com\/index.php\/page-d-exemple\/","title":{"rendered":"Bienvenue dans un monde \u00e0 part\u2026"},"content":{"rendered":"\n<p> Vous \u00eates entr\u00e9 dans mon univers, un lieu o\u00f9 les r\u00e8gles de la logique prennent des vacances et o\u00f9 l&#8217;imagination r\u00e8gne en ma\u00eetre. Ici, chaque cr\u00e9ation est un secret chuchot\u00e9 \u00e0 ceux qui osent voir au-del\u00e0 de l\u2019ordinaire.<\/p>\n\n\n\n<p>Mes \u0153uvres sont une provocation douce, un clin d&#8217;\u0153il \u00e0 l&#8217;inattendu. Si vous \u00eates de ceux qui voient la po\u00e9sie dans l&#8217;\u00e9trange, qui savourent l&#8217;imperfection parfaite, alors vous \u00eates au bon endroit.<\/p>\n\n\n\n<p>Chaque pi\u00e8ce que vous trouverez ici est unique, un fragment de mon esprit parfois farfelu, souvent rebelle, toujours sinc\u00e8re. Ce que vous voyez, c&#8217;est ce que l&#8217;univers a d\u00e9cid\u00e9 de faire exister \u00e0 travers mes mains.<\/p>\n\n\n\n<blockquote class=\"wp-block-quote is-layout-flow wp-block-quote-is-layout-flow\">\n<p>Poussez la porte et laissez-vous surprendre. Mais souvenez-vous : l\u2019ordinaire reste \u00e0 l\u2019ext\u00e9rieur.<\/p>\n<\/blockquote>\n","protected":false},"excerpt":{"rendered":"<p>Vous \u00eates entr\u00e9 dans mon univers, un lieu o\u00f9 les r\u00e8gles de la logique prennent des vacances et o\u00f9 l&#8217;imagination r\u00e8gne en ma\u00eetre. Ici, chaque cr\u00e9ation est un secret chuchot\u00e9 \u00e0 ceux qui osent voir au-del\u00e0 de l\u2019ordinaire. Mes \u0153uvres sont une provocation douce, un clin d&#8217;\u0153il \u00e0 l&#8217;inattendu. Si vous \u00eates de ceux qui [&hellip;]<\/p>\n","protected":false},"author":1,"featured_media":0,"parent":0,"menu_order":0,"comment_status":"closed","ping_status":"open","template":"","meta":{"footnotes":""},"class_list":["post-2","page","type-page","status-publish","hentry"],"_links":{"self":[{"href":"https:\/\/hugovignon.com\/index.php\/wp-json\/wp\/v2\/pages\/2","targetHints":{"allow":["GET"]}}],"collection":[{"href":"https:\/\/hugovignon.com\/index.php\/wp-json\/wp\/v2\/pages"}],"about":[{"href":"https:\/\/hugovignon.com\/index.php\/wp-json\/wp\/v2\/types\/page"}],"author":[{"embeddable":true,"href":"https:\/\/hugovignon.com\/index.php\/wp-json\/wp\/v2\/users\/1"}],"replies":[{"embeddable":true,"href":"https:\/\/hugovignon.com\/index.php\/wp-json\/wp\/v2\/comments?post=2"}],"version-history":[{"count":3,"href":"https:\/\/hugovignon.com\/index.php\/wp-json\/wp\/v2\/pages\/2\/revisions"}],"predecessor-version":[{"id":8,"href":"https:\/\/hugovignon.com\/index.php\/wp-json\/wp\/v2\/pages\/2\/revisions\/8"}],"wp:attachment":[{"href":"https:\/\/hugovignon.com\/index.php\/wp-json\/wp\/v2\/media?parent=2"}],"curies":[{"name":"wp","href":"https:\/\/api.w.org\/{rel}","templated":true}]}}